{"id":941,"date":"2014-05-29T20:18:27","date_gmt":"2014-05-29T20:18:27","guid":{"rendered":"http:\/\/chifflet.com\/studio\/?page_id=941"},"modified":"2021-10-14T11:30:12","modified_gmt":"2021-10-14T14:30:12","slug":"quienes-somos","status":"publish","type":"page","link":"https:\/\/chifflet.com\/studio\/quienes-somos\/","title":{"rendered":"Quienes somos"},"content":{"rendered":"<p><img decoding=\"async\" src=\"https:\/\/chifflet.com\/studio\/wp-content\/uploads\/2014\/05\/logo_largo100.png\" alt=\"Internet: Dise\u00f1o &amp; Publicidad\">Somos un peque\u00f1o grupo de personas, con una gran experiencia en Dise\u00f1o Web de \u00faltima generaci\u00f3n.<\/p>\n<p>Estamos para&nbsp;brindarle un trato cercano y personalizado.<\/p>\n<p><span style=\"color: #0c343d;\">Queremos apuntar y apoyar &nbsp;fundamentalmente al publico &nbsp;que no es id\u00f3neo en temas de inform\u00e1tica (emprendedores, profesionales, etc) <\/span><\/p>\n<p><span style=\"color: #0c343d;\">Nos dirigirnos a &nbsp;un gran n\u00famero de personas que no est\u00e1n bien atendidas ya que la celeridad con que se mueve la informaci\u00f3n y la jerga que se utiliza en la profesi\u00f3n.<\/span><\/p>\n<p><span style=\"color: #0c343d;\">Somos el servicio cercano y amable en peque\u00f1a escala para Usted y su empresa.<\/span><\/p>\n<p>M\u00e1s de 25 a\u00f1os de carrera profesional en Suecia, con la licenciatura en \u00abCiencias de&nbsp;Sistemas de Computaci\u00f3n\u00bb m\u00e1s la carrera de profesorado en el Instituto \u00abT\u00e9cnico\u00bb, en la Universidad de V\u00e4xj\u00f6 e infinidad de sitios web analizados, producidos e instalados, &nbsp;nos avalan para ofrecer hoy un servicio personalizado, id\u00f3neo y cercano, a trav\u00e9s del Studio Chifflet.<br \/>\nCons\u00faltenos, le enviaremos nuestra respuesta a la brevedad.<\/p>\n<h6>Cons\u00faltenos, le enviaremos nuestra respuesta a la brevedad.<\/h6>\n<p class=\"mbm ptm _5je5 _52ii _52if _3m9\" style=\"color: #6a7181;\">\n<div class=\"wpcf7 no-js\" id=\"wpcf7-f2433-o1\" lang=\"es-ES\" dir=\"ltr\">\n<div class=\"screen-reader-response\"><p role=\"status\" aria-live=\"polite\" aria-atomic=\"true\"><\/p> <ul><\/ul><\/div>\n<form action=\"\/studio\/wp-json\/wp\/v2\/pages\/941#wpcf7-f2433-o1\" method=\"post\" class=\"wpcf7-form init\" aria-label=\"Formulario de contacto\" novalidate=\"novalidate\" data-status=\"init\">\n<div style=\"display: none;\">\n<input type=\"hidden\" name=\"_wpcf7\" value=\"2433\" \/>\n<input type=\"hidden\" name=\"_wpcf7_version\" value=\"5.7.5.1\" \/>\n<input type=\"hidden\" name=\"_wpcf7_locale\" value=\"es_ES\" \/>\n<input type=\"hidden\" name=\"_wpcf7_unit_tag\" value=\"wpcf7-f2433-o1\" \/>\n<input type=\"hidden\" name=\"_wpcf7_container_post\" value=\"0\" \/>\n<input type=\"hidden\" name=\"_wpcf7_posted_data_hash\" value=\"\" \/>\n<\/div>\n<p><label> Nombre<br \/>\n<span class=\"wpcf7-form-control-wrap\" data-name=\"your-name\"><input size=\"40\" class=\"wpcf7-form-control wpcf7-text wpcf7-validates-as-required\" aria-required=\"true\" aria-invalid=\"false\" value=\"\" type=\"text\" name=\"your-name\" \/><\/span> <\/label><br \/>\n<label> E-mail<br \/>\n<span class=\"wpcf7-form-control-wrap\" data-name=\"your-email\"><input size=\"40\" class=\"wpcf7-form-control wpcf7-text wpcf7-email wpcf7-validates-as-required wpcf7-validates-as-email\" aria-required=\"true\" aria-invalid=\"false\" value=\"\" type=\"email\" name=\"your-email\" \/><\/span> <\/label><br \/>\n<label> Celular<br \/>\n<span class=\"wpcf7-form-control-wrap\" data-name=\"your-subject\"><input size=\"40\" class=\"wpcf7-form-control wpcf7-text wpcf7-validates-as-required\" aria-required=\"true\" aria-invalid=\"false\" value=\"\" type=\"text\" name=\"your-subject\" \/><\/span> <\/label><br \/>\n<label> Consulta\/Pedido (opcional)<br \/>\n<span class=\"wpcf7-form-control-wrap\" data-name=\"your-message\"><textarea cols=\"40\" rows=\"10\" class=\"wpcf7-form-control wpcf7-textarea\" aria-invalid=\"false\" name=\"your-message\"><\/textarea><\/span> <\/label><br \/>\n<input class=\"wpcf7-form-control has-spinner wpcf7-submit\" type=\"submit\" value=\"Enviar\" \/>\n<\/p><p style=\"display: none !important;\" class=\"akismet-fields-container\" data-prefix=\"_wpcf7_ak_\"><label>&#916;<textarea name=\"_wpcf7_ak_hp_textarea\" cols=\"45\" rows=\"8\" maxlength=\"100\"><\/textarea><\/label><input type=\"hidden\" id=\"ak_js_1\" name=\"_wpcf7_ak_js\" value=\"182\"\/><script>document.getElementById( \"ak_js_1\" ).setAttribute( \"value\", ( new Date() ).getTime() );<\/script><\/p><div class=\"wpcf7-response-output\" aria-hidden=\"true\"><\/div>\n<\/form>\n<\/div>\n\n","protected":false},"excerpt":{"rendered":"<p>Somos un peque\u00f1o grupo de personas, con una gran experiencia en Dise\u00f1o Web de \u00faltima generaci\u00f3n. Estamos para&nbsp;brindarle un trato cercano y personalizado. Queremos apuntar y apoyar &nbsp;fundamentalmente al publico &nbsp;que no es id\u00f3neo en temas de inform\u00e1tica (emprendedores, profesionales, etc) Nos dirigirnos a &nbsp;un gran n\u00famero de personas que no est\u00e1n bien atendidas ya &#8230;<\/p>\n","protected":false},"author":1,"featured_media":0,"parent":0,"menu_order":0,"comment_status":"closed","ping_status":"open","template":"","meta":[],"yoast_head":"<!-- This site is optimized with the Yoast SEO plugin v20.3 - https:\/\/yoast.com\/wordpress\/plugins\/seo\/ -->\n<title>Quienes somos - Studio Ch<\/title>\n<meta name=\"robots\" content=\"index, follow, max-snippet:-1, max-image-preview:large, max-video-preview:-1\" \/>\n<link rel=\"canonical\" href=\"https:\/\/chifflet.com\/studio\/quienes-somos\/\" \/>\n<meta property=\"og:locale\" content=\"es_ES\" \/>\n<meta property=\"og:type\" content=\"article\" \/>\n<meta property=\"og:title\" content=\"Quienes somos - Studio Ch\" \/>\n<meta property=\"og:description\" content=\"Somos un peque\u00f1o grupo de personas, con una gran experiencia en Dise\u00f1o Web de \u00faltima generaci\u00f3n. Estamos para&nbsp;brindarle un trato cercano y personalizado. Queremos apuntar y apoyar &nbsp;fundamentalmente al publico &nbsp;que no es id\u00f3neo en temas de inform\u00e1tica (emprendedores, profesionales, etc) Nos dirigirnos a &nbsp;un gran n\u00famero de personas que no est\u00e1n bien atendidas ya ...\" \/>\n<meta property=\"og:url\" content=\"https:\/\/chifflet.com\/studio\/quienes-somos\/\" \/>\n<meta property=\"og:site_name\" content=\"Studio Ch\" \/>\n<meta property=\"article:modified_time\" content=\"2021-10-14T14:30:12+00:00\" \/>\n<meta property=\"og:image\" content=\"http:\/\/chifflet.com\/studio\/wp-content\/uploads\/2014\/05\/logo_largo100.png\" \/>\n<meta name=\"twitter:label1\" content=\"Tiempo de lectura\" \/>\n\t<meta name=\"twitter:data1\" content=\"1 minuto\" \/>\n<script type=\"application\/ld+json\" class=\"yoast-schema-graph\">{\"@context\":\"https:\/\/schema.org\",\"@graph\":[{\"@type\":\"WebPage\",\"@id\":\"https:\/\/chifflet.com\/studio\/quienes-somos\/\",\"url\":\"https:\/\/chifflet.com\/studio\/quienes-somos\/\",\"name\":\"Quienes somos - Studio Ch\",\"isPartOf\":{\"@id\":\"https:\/\/chifflet.com\/studio\/#website\"},\"datePublished\":\"2014-05-29T20:18:27+00:00\",\"dateModified\":\"2021-10-14T14:30:12+00:00\",\"breadcrumb\":{\"@id\":\"https:\/\/chifflet.com\/studio\/quienes-somos\/#breadcrumb\"},\"inLanguage\":\"es\",\"potentialAction\":[{\"@type\":\"ReadAction\",\"target\":[\"https:\/\/chifflet.com\/studio\/quienes-somos\/\"]}]},{\"@type\":\"BreadcrumbList\",\"@id\":\"https:\/\/chifflet.com\/studio\/quienes-somos\/#breadcrumb\",\"itemListElement\":[{\"@type\":\"ListItem\",\"position\":1,\"name\":\"Home\",\"item\":\"https:\/\/chifflet.com\/studio\/\"},{\"@type\":\"ListItem\",\"position\":2,\"name\":\"Quienes somos\"}]},{\"@type\":\"WebSite\",\"@id\":\"https:\/\/chifflet.com\/studio\/#website\",\"url\":\"https:\/\/chifflet.com\/studio\/\",\"name\":\"Studio Ch\",\"description\":\"Internet: Dise\u00f1o &amp; Publicidad\",\"publisher\":{\"@id\":\"https:\/\/chifflet.com\/studio\/#organization\"},\"potentialAction\":[{\"@type\":\"SearchAction\",\"target\":{\"@type\":\"EntryPoint\",\"urlTemplate\":\"https:\/\/chifflet.com\/studio\/?s={search_term_string}\"},\"query-input\":\"required name=search_term_string\"}],\"inLanguage\":\"es\"},{\"@type\":\"Organization\",\"@id\":\"https:\/\/chifflet.com\/studio\/#organization\",\"name\":\"Chifflet&Co\",\"url\":\"https:\/\/chifflet.com\/studio\/\",\"logo\":{\"@type\":\"ImageObject\",\"inLanguage\":\"es\",\"@id\":\"https:\/\/chifflet.com\/studio\/#\/schema\/logo\/image\/\",\"url\":\"http:\/\/chifflet.com\/studio\/wp-content\/uploads\/2014\/06\/logo_gris150.jpg\",\"contentUrl\":\"http:\/\/chifflet.com\/studio\/wp-content\/uploads\/2014\/06\/logo_gris150.jpg\",\"width\":190,\"height\":110,\"caption\":\"Chifflet&Co\"},\"image\":{\"@id\":\"https:\/\/chifflet.com\/studio\/#\/schema\/logo\/image\/\"}}]}<\/script>\n<!-- \/ Yoast SEO plugin. -->","yoast_head_json":{"title":"Quienes somos - Studio Ch","robots":{"index":"index","follow":"follow","max-snippet":"max-snippet:-1","max-image-preview":"max-image-preview:large","max-video-preview":"max-video-preview:-1"},"canonical":"https:\/\/chifflet.com\/studio\/quienes-somos\/","og_locale":"es_ES","og_type":"article","og_title":"Quienes somos - Studio Ch","og_description":"Somos un peque\u00f1o grupo de personas, con una gran experiencia en Dise\u00f1o Web de \u00faltima generaci\u00f3n. Estamos para&nbsp;brindarle un trato cercano y personalizado. Queremos apuntar y apoyar &nbsp;fundamentalmente al publico &nbsp;que no es id\u00f3neo en temas de inform\u00e1tica (emprendedores, profesionales, etc) Nos dirigirnos a &nbsp;un gran n\u00famero de personas que no est\u00e1n bien atendidas ya ...","og_url":"https:\/\/chifflet.com\/studio\/quienes-somos\/","og_site_name":"Studio Ch","article_modified_time":"2021-10-14T14:30:12+00:00","og_image":[{"url":"http:\/\/chifflet.com\/studio\/wp-content\/uploads\/2014\/05\/logo_largo100.png"}],"twitter_misc":{"Tiempo de lectura":"1 minuto"},"schema":{"@context":"https:\/\/schema.org","@graph":[{"@type":"WebPage","@id":"https:\/\/chifflet.com\/studio\/quienes-somos\/","url":"https:\/\/chifflet.com\/studio\/quienes-somos\/","name":"Quienes somos - Studio Ch","isPartOf":{"@id":"https:\/\/chifflet.com\/studio\/#website"},"datePublished":"2014-05-29T20:18:27+00:00","dateModified":"2021-10-14T14:30:12+00:00","breadcrumb":{"@id":"https:\/\/chifflet.com\/studio\/quienes-somos\/#breadcrumb"},"inLanguage":"es","potentialAction":[{"@type":"ReadAction","target":["https:\/\/chifflet.com\/studio\/quienes-somos\/"]}]},{"@type":"BreadcrumbList","@id":"https:\/\/chifflet.com\/studio\/quienes-somos\/#breadcrumb","itemListElement":[{"@type":"ListItem","position":1,"name":"Home","item":"https:\/\/chifflet.com\/studio\/"},{"@type":"ListItem","position":2,"name":"Quienes somos"}]},{"@type":"WebSite","@id":"https:\/\/chifflet.com\/studio\/#website","url":"https:\/\/chifflet.com\/studio\/","name":"Studio Ch","description":"Internet: Dise\u00f1o &amp; Publicidad","publisher":{"@id":"https:\/\/chifflet.com\/studio\/#organization"},"potentialAction":[{"@type":"SearchAction","target":{"@type":"EntryPoint","urlTemplate":"https:\/\/chifflet.com\/studio\/?s={search_term_string}"},"query-input":"required name=search_term_string"}],"inLanguage":"es"},{"@type":"Organization","@id":"https:\/\/chifflet.com\/studio\/#organization","name":"Chifflet&Co","url":"https:\/\/chifflet.com\/studio\/","logo":{"@type":"ImageObject","inLanguage":"es","@id":"https:\/\/chifflet.com\/studio\/#\/schema\/logo\/image\/","url":"http:\/\/chifflet.com\/studio\/wp-content\/uploads\/2014\/06\/logo_gris150.jpg","contentUrl":"http:\/\/chifflet.com\/studio\/wp-content\/uploads\/2014\/06\/logo_gris150.jpg","width":190,"height":110,"caption":"Chifflet&Co"},"image":{"@id":"https:\/\/chifflet.com\/studio\/#\/schema\/logo\/image\/"}}]}},"_links":{"self":[{"href":"https:\/\/chifflet.com\/studio\/wp-json\/wp\/v2\/pages\/941"}],"collection":[{"href":"https:\/\/chifflet.com\/studio\/wp-json\/wp\/v2\/pages"}],"about":[{"href":"https:\/\/chifflet.com\/studio\/wp-json\/wp\/v2\/types\/page"}],"author":[{"embeddable":true,"href":"https:\/\/chifflet.com\/studio\/wp-json\/wp\/v2\/users\/1"}],"replies":[{"embeddable":true,"href":"https:\/\/chifflet.com\/studio\/wp-json\/wp\/v2\/comments?post=941"}],"version-history":[{"count":35,"href":"https:\/\/chifflet.com\/studio\/wp-json\/wp\/v2\/pages\/941\/revisions"}],"predecessor-version":[{"id":2437,"href":"https:\/\/chifflet.com\/studio\/wp-json\/wp\/v2\/pages\/941\/revisions\/2437"}],"wp:attachment":[{"href":"https:\/\/chifflet.com\/studio\/wp-json\/wp\/v2\/media?parent=941"}],"curies":[{"name":"wp","href":"https:\/\/api.w.org\/{rel}","templated":true}]}}